{"id":6,"date":"2020-01-11T01:31:50","date_gmt":"2020-01-11T01:31:50","guid":{"rendered":"https:\/\/demos.kadencewp.com\/blocks-active\/?page_id=6"},"modified":"2023-07-29T13:52:48","modified_gmt":"2023-07-29T11:52:48","slug":"yoga-home","status":"publish","type":"page","link":"https:\/\/tsge-tennis.de\/","title":{"rendered":"Home"},"content":{"rendered":"<style>.kb-row-layout-id_4324ff-8c > .kt-row-column-wrap{align-content:start;}:where(.kb-row-layout-id_4324ff-8c > .kt-row-column-wrap) > .wp-block-kadence-column{justify-content:start;}.kb-row-layout-id_4324ff-8c > .kt-row-column-wrap{column-gap:var(--global-kb-gap-md, 2rem);row-gap:var(--global-kb-gap-md, 2rem);padding-top:29px;padding-right:25px;padding-bottom:6px;padding-left:25px;grid-template-columns:minmax(0, 1fr);}.kb-row-layout-id_4324ff-8c{background-image:url('http:\/\/tsge-tennis.de\/wp-content\/uploads\/2023\/03\/Anlage-2021-V02.jpg');background-size:cover;background-position:center center;background-attachment:scroll;background-repeat:no-repeat;}.kb-row-layout-id_4324ff-8c > .kt-row-layout-overlay{opacity:0.55;background:linear-gradient(180deg, #505050 0%, #000000 100%);}@media all and (max-width: 1024px){.kb-row-layout-id_4324ff-8c > .kt-row-column-wrap{grid-template-columns:minmax(0, 1fr);}}@media all and (max-width: 767px){.kb-row-layout-id_4324ff-8c > .kt-row-column-wrap{grid-template-columns:minmax(0, 1fr);}}<\/style><div class=\"kb-row-layout-wrap kb-row-layout-id_4324ff-8c alignnone kt-row-has-bg wp-block-kadence-rowlayout\"><div class=\"kt-row-layout-overlay kt-row-overlay-gradient\"><\/div><div class=\"kt-row-column-wrap kt-has-1-columns kt-row-layout-equal kt-tab-layout-inherit kt-mobile-layout-row kt-row-valign-top\">\n<style>.kadence-column_d32573-6a > .kt-inside-inner-col,.kadence-column_d32573-6a > .kt-inside-inner-col:before{border-top-left-radius:0px;border-top-right-radius:0px;border-bottom-right-radius:0px;border-bottom-left-radius:0px;}.kadence-column_d32573-6a > .kt-inside-inner-col{column-gap:var(--global-kb-gap-sm, 1rem);}.kadence-column_d32573-6a > .kt-inside-inner-col{flex-direction:column;}.kadence-column_d32573-6a > .kt-inside-inner-col > .aligncenter{width:100%;}.kadence-column_d32573-6a > .kt-inside-inner-col:before{opacity:0.3;}.kadence-column_d32573-6a{position:relative;}@media all and (max-width: 1024px){.kadence-column_d32573-6a > .kt-inside-inner-col{flex-direction:column;justify-content:center;}}@media all and (max-width: 767px){.kadence-column_d32573-6a > .kt-inside-inner-col{flex-direction:column;justify-content:center;}}<\/style>\n<div class=\"wp-block-kadence-column kadence-column_d32573-6a inner-column-1\"><div class=\"kt-inside-inner-col\"><style>.wp-block-kadence-spacer.kt-block-spacer-_e042ac-14 .kt-block-spacer{height:168px;}.wp-block-kadence-spacer.kt-block-spacer-_e042ac-14 .kt-divider{border-top-width:1px;height:1px;border-top-color:#eee;width:80%;border-top-style:solid;}<\/style>\n<div class=\"wp-block-kadence-spacer aligncenter kt-block-spacer-_e042ac-14\"><div class=\"kt-block-spacer kt-block-spacer-halign-center\"><\/div><\/div>\n<\/div><\/div>\n\n\n<style>.kadence-column_99693f-d7 > .kt-inside-inner-col,.kadence-column_99693f-d7 > .kt-inside-inner-col:before{border-top-left-radius:0px;border-top-right-radius:0px;border-bottom-right-radius:0px;border-bottom-left-radius:0px;}.kadence-column_99693f-d7 > .kt-inside-inner-col{column-gap:var(--global-kb-gap-sm, 1rem);}.kadence-column_99693f-d7 > .kt-inside-inner-col{flex-direction:column;}.kadence-column_99693f-d7 > .kt-inside-inner-col > .aligncenter{width:100%;}.kadence-column_99693f-d7 > .kt-inside-inner-col:before{opacity:0.3;}.kadence-column_99693f-d7{position:relative;}@media all and (max-width: 1024px){.kadence-column_99693f-d7 > .kt-inside-inner-col{flex-direction:column;justify-content:center;}}@media all and (max-width: 767px){.kadence-column_99693f-d7 > .kt-inside-inner-col{flex-direction:column;justify-content:center;}}<\/style>\n<div class=\"wp-block-kadence-column kadence-column_99693f-d7\"><div class=\"kt-inside-inner-col\">\n<h2 class=\"wp-block-heading has-theme-palette-7-color has-text-color\">Willkommen bei der Tennisabteilung der TSG Erlensee<\/h2>\n<\/div><\/div>\n\n<\/div><\/div>\n\n<style>.wp-block-kadence-spacer.kt-block-spacer-_3a2f2c-85 .kt-block-spacer{height:20px;}.wp-block-kadence-spacer.kt-block-spacer-_3a2f2c-85 .kt-divider{border-top-width:1px;height:1px;border-top-color:#eee;width:80%;border-top-style:solid;}<\/style>\n<div class=\"wp-block-kadence-spacer aligncenter kt-block-spacer-_3a2f2c-85\"><div class=\"kt-block-spacer kt-block-spacer-halign-center\"><hr class=\"kt-divider\"\/><\/div><\/div>\n\n\n<style>.kb-row-layout-id_6f5491-f6 > .kt-row-column-wrap{align-content:start;}:where(.kb-row-layout-id_6f5491-f6 > .kt-row-column-wrap) > .wp-block-kadence-column{justify-content:start;}.kb-row-layout-id_6f5491-f6 > .kt-row-column-wrap{column-gap:var(--global-kb-gap-md, 2rem);row-gap:var(--global-kb-gap-md, 2rem);max-width:1200px;margin-left:auto;margin-right:auto;padding-top:30px;padding-right:25px;padding-bottom:16px;padding-left:25px;grid-template-columns:minmax(0, 1fr);}.kb-row-layout-id_6f5491-f6 > .kt-row-layout-overlay{opacity:0.30;}@media all and (max-width: 1024px){.kb-row-layout-id_6f5491-f6 > .kt-row-column-wrap{grid-template-columns:minmax(0, 1fr);}}@media all and (max-width: 767px){.kb-row-layout-id_6f5491-f6 > .kt-row-column-wrap{grid-template-columns:minmax(0, 1fr);}}<\/style><div class=\"kb-row-layout-wrap kb-row-layout-id_6f5491-f6 alignnone has-theme-palette8-background-color kt-row-has-bg wp-block-kadence-rowlayout\"><div class=\"kt-row-column-wrap kt-has-1-columns kt-row-layout-equal kt-tab-layout-inherit kt-mobile-layout-row kt-row-valign-top\">\n<style>.kadence-column_ba5996-93 > .kt-inside-inner-col,.kadence-column_ba5996-93 > .kt-inside-inner-col:before{border-top-left-radius:0px;border-top-right-radius:0px;border-bottom-right-radius:0px;border-bottom-left-radius:0px;}.kadence-column_ba5996-93 > .kt-inside-inner-col{column-gap:var(--global-kb-gap-sm, 1rem);}.kadence-column_ba5996-93 > .kt-inside-inner-col{flex-direction:column;}.kadence-column_ba5996-93 > .kt-inside-inner-col > .aligncenter{width:100%;}.kadence-column_ba5996-93 > .kt-inside-inner-col:before{opacity:0.3;}.kadence-column_ba5996-93{text-align:center;}.kadence-column_ba5996-93{position:relative;}@media all and (max-width: 1024px){.kadence-column_ba5996-93 > .kt-inside-inner-col{flex-direction:column;justify-content:center;}}@media all and (max-width: 767px){.kadence-column_ba5996-93 > .kt-inside-inner-col{flex-direction:column;justify-content:center;}}<\/style>\n<div class=\"wp-block-kadence-column kadence-column_ba5996-93 kb-section-dir-vertical inner-column-1\"><div class=\"kt-inside-inner-col\">\n<div class=\"wp-block-group\"><div class=\"wp-block-group__inner-container is-layout-constrained wp-block-group-is-layout-constrained\"><style>.wp-block-kadence-advancedheading.kt-adv-heading_3479e5-c4, .wp-block-kadence-advancedheading.kt-adv-heading_3479e5-c4[data-kb-block=\"kb-adv-heading_3479e5-c4\"]{max-width:847px;padding-bottom:0px;margin-bottom:33px;margin-left:3px;text-align:left;font-size:29px;font-weight:normal;font-style:normal;border-top-left-radius:2px;border-top-right-radius:5px;border-bottom-left-radius:2px;}.wp-block-kadence-advancedheading.kt-adv-heading_3479e5-c4 mark.kt-highlight, .wp-block-kadence-advancedheading.kt-adv-heading_3479e5-c4[data-kb-block=\"kb-adv-heading_3479e5-c4\"] mark.kt-highlight{font-size:var(--global-kb-font-size-md, 1.25rem);font-weight:normal;font-style:normal;color:#f76a0c;-webkit-box-decoration-break:clone;box-decoration-break:clone;padding-top:0px;padding-right:0px;padding-bottom:0px;padding-left:8px;}.wp-block-kadence-advancedheading.kt-adv-heading_3479e5-c4 img.kb-inline-image, .wp-block-kadence-advancedheading.kt-adv-heading_3479e5-c4[data-kb-block=\"kb-adv-heading_3479e5-c4\"] img.kb-inline-image{width:150px;vertical-align:baseline;}<\/style>\n<h2 class=\"kt-adv-heading_3479e5-c4 wp-block-kadence-advancedheading has-theme-palette-4-color has-text-color\" data-kb-block=\"kb-adv-heading_3479e5-c4\"><strong>Aktuelles<\/strong><\/h2>\n<\/div><\/div>\n\n\n<ul style=\"font-style:normal;font-weight:400;\" class=\"wp-block-latest-posts__list is-grid columns-3 has-dates alignwide wp-block-latest-posts has-small-font-size\"><li><div class=\"wp-block-latest-posts__featured-image\"><img loading=\"lazy\" decoding=\"async\" width=\"1024\" height=\"693\" src=\"https:\/\/tsge-tennis.de\/wp-content\/uploads\/VM-Ausschreibung-2026.jpg\" class=\"attachment-large size-large wp-post-image\" alt=\"\" style=\"\" srcset=\"https:\/\/tsge-tennis.de\/wp-content\/uploads\/VM-Ausschreibung-2026.jpg 1024w, https:\/\/tsge-tennis.de\/wp-content\/uploads\/VM-Ausschreibung-2026-300x203.jpg 300w, https:\/\/tsge-tennis.de\/wp-content\/uploads\/VM-Ausschreibung-2026-768x520.jpg 768w\" sizes=\"auto, (max-width: 1024px) 100vw, 1024px\" \/><\/div><a class=\"wp-block-latest-posts__post-title\" href=\"https:\/\/tsge-tennis.de\/?p=3756\">VM 2026 Auslosung<\/a><time datetime=\"2026-04-26T20:18:52+02:00\" class=\"wp-block-latest-posts__post-date\">26. April 2026<\/time><div class=\"wp-block-latest-posts__post-excerpt\">Liebe Vereinsmitglieder, die Auslosung f\u00fcr die Vereinsmeisterschaft 2026 ist erfolgt. Dies sind die anstehenden Paarungen:&#8230;<\/div><\/li>\n<li><div class=\"wp-block-latest-posts__featured-image\"><img loading=\"lazy\" decoding=\"async\" width=\"800\" height=\"606\" src=\"https:\/\/tsge-tennis.de\/wp-content\/uploads\/Saisoneroeffnung-2026-Header.jpg\" class=\"attachment-large size-large wp-post-image\" alt=\"\" style=\"\" srcset=\"https:\/\/tsge-tennis.de\/wp-content\/uploads\/Saisoneroeffnung-2026-Header.jpg 800w, https:\/\/tsge-tennis.de\/wp-content\/uploads\/Saisoneroeffnung-2026-Header-300x227.jpg 300w, https:\/\/tsge-tennis.de\/wp-content\/uploads\/Saisoneroeffnung-2026-Header-768x582.jpg 768w\" sizes=\"auto, (max-width: 800px) 100vw, 800px\" \/><\/div><a class=\"wp-block-latest-posts__post-title\" href=\"https:\/\/tsge-tennis.de\/?p=3712\">Saisoner\u00f6ffnung 2026<\/a><time datetime=\"2026-04-23T12:41:37+02:00\" class=\"wp-block-latest-posts__post-date\">23. April 2026<\/time><div class=\"wp-block-latest-posts__post-excerpt\">Liebe Mitglieder, die Freiluftsaison r\u00fcckt unaufhaltsam n\u00e4her. Am 25.04.26 findet unsere traditionelle Saisoner\u00f6ffnung auf der&#8230;<\/div><\/li>\n<li><div class=\"wp-block-latest-posts__featured-image\"><img loading=\"lazy\" decoding=\"async\" width=\"1024\" height=\"643\" src=\"https:\/\/tsge-tennis.de\/wp-content\/uploads\/Plaetze-bereit-2026.jpg\" class=\"attachment-large size-large wp-post-image\" alt=\"\" style=\"\" srcset=\"https:\/\/tsge-tennis.de\/wp-content\/uploads\/Plaetze-bereit-2026.jpg 1024w, https:\/\/tsge-tennis.de\/wp-content\/uploads\/Plaetze-bereit-2026-300x188.jpg 300w, https:\/\/tsge-tennis.de\/wp-content\/uploads\/Plaetze-bereit-2026-768x482.jpg 768w\" sizes=\"auto, (max-width: 1024px) 100vw, 1024px\" \/><\/div><a class=\"wp-block-latest-posts__post-title\" href=\"https:\/\/tsge-tennis.de\/?p=3737\">Freigabe der Tennispl\u00e4tze<\/a><time datetime=\"2026-04-16T18:14:25+02:00\" class=\"wp-block-latest-posts__post-date\">16. April 2026<\/time><div class=\"wp-block-latest-posts__post-excerpt\">Liebe Mitglieder, das Wetter spielt mit, daher sind die Au\u00dfenpl\u00e4tze ab sofort freigegeben. Um die&#8230;<\/div><\/li>\n<li><div class=\"wp-block-latest-posts__featured-image\"><img loading=\"lazy\" decoding=\"async\" width=\"1024\" height=\"557\" src=\"https:\/\/tsge-tennis.de\/wp-content\/uploads\/Arbeitsdienst-2026-Termin.jpg\" class=\"attachment-large size-large wp-post-image\" alt=\"\" style=\"\" srcset=\"https:\/\/tsge-tennis.de\/wp-content\/uploads\/Arbeitsdienst-2026-Termin.jpg 1024w, https:\/\/tsge-tennis.de\/wp-content\/uploads\/Arbeitsdienst-2026-Termin-300x163.jpg 300w, https:\/\/tsge-tennis.de\/wp-content\/uploads\/Arbeitsdienst-2026-Termin-768x418.jpg 768w\" sizes=\"auto, (max-width: 1024px) 100vw, 1024px\" \/><\/div><a class=\"wp-block-latest-posts__post-title\" href=\"https:\/\/tsge-tennis.de\/?p=3615\">Arbeitsdienst 2026<\/a><time datetime=\"2026-03-15T16:32:37+01:00\" class=\"wp-block-latest-posts__post-date\">15. M\u00e4rz 2026<\/time><div class=\"wp-block-latest-posts__post-excerpt\">Liebe Tennisfreunde, die Medenrunde r\u00fcckt n\u00e4her und die ersten Termine f\u00fcr Arbeitseins\u00e4tze stehen fest, um&#8230;<\/div><\/li>\n<li><div class=\"wp-block-latest-posts__featured-image\"><img loading=\"lazy\" decoding=\"async\" width=\"1024\" height=\"630\" src=\"https:\/\/tsge-tennis.de\/wp-content\/uploads\/VM-2026-Auslosung.jpg\" class=\"attachment-large size-large wp-post-image\" alt=\"\" style=\"\" srcset=\"https:\/\/tsge-tennis.de\/wp-content\/uploads\/VM-2026-Auslosung.jpg 1024w, https:\/\/tsge-tennis.de\/wp-content\/uploads\/VM-2026-Auslosung-300x185.jpg 300w, https:\/\/tsge-tennis.de\/wp-content\/uploads\/VM-2026-Auslosung-768x473.jpg 768w\" sizes=\"auto, (max-width: 1024px) 100vw, 1024px\" \/><\/div><a class=\"wp-block-latest-posts__post-title\" href=\"https:\/\/tsge-tennis.de\/?p=3622\">VM 2026 Ausschreibung<\/a><time datetime=\"2026-03-15T12:52:02+01:00\" class=\"wp-block-latest-posts__post-date\">15. M\u00e4rz 2026<\/time><div class=\"wp-block-latest-posts__post-excerpt\">Nach einer tollen VM 2025 gibt es nat\u00fcrlich in diesem Jahr wieder eine Vereinsmeisterschaft. Die&#8230;<\/div><\/li>\n<li><div class=\"wp-block-latest-posts__featured-image\"><img loading=\"lazy\" decoding=\"async\" width=\"1024\" height=\"768\" src=\"https:\/\/tsge-tennis.de\/wp-content\/uploads\/tennis-923659_1280-1024x768.jpg\" class=\"attachment-large size-large wp-post-image\" alt=\"\" style=\"\" srcset=\"https:\/\/tsge-tennis.de\/wp-content\/uploads\/tennis-923659_1280-1024x768.jpg 1024w, https:\/\/tsge-tennis.de\/wp-content\/uploads\/tennis-923659_1280-300x225.jpg 300w, https:\/\/tsge-tennis.de\/wp-content\/uploads\/tennis-923659_1280-768x576.jpg 768w, https:\/\/tsge-tennis.de\/wp-content\/uploads\/tennis-923659_1280.jpg 1280w\" sizes=\"auto, (max-width: 1024px) 100vw, 1024px\" \/><\/div><a class=\"wp-block-latest-posts__post-title\" href=\"https:\/\/tsge-tennis.de\/?p=3473\">Medenrunde 2026<\/a><time datetime=\"2026-03-15T10:42:03+01:00\" class=\"wp-block-latest-posts__post-date\">15. M\u00e4rz 2026<\/time><div class=\"wp-block-latest-posts__post-excerpt\">Die Medenrunde 2026 wirft schon fr\u00fch ihre Schatten voraus. Inzwischen k\u00f6nnt ihr die > Gruppeneinteilungen&#8230;<\/div><\/li>\n<li><div class=\"wp-block-latest-posts__featured-image\"><img loading=\"lazy\" decoding=\"async\" width=\"800\" height=\"463\" src=\"https:\/\/tsge-tennis.de\/wp-content\/uploads\/Termine-2026.jpg\" class=\"attachment-large size-large wp-post-image\" alt=\"\" style=\"\" srcset=\"https:\/\/tsge-tennis.de\/wp-content\/uploads\/Termine-2026.jpg 800w, https:\/\/tsge-tennis.de\/wp-content\/uploads\/Termine-2026-300x174.jpg 300w, https:\/\/tsge-tennis.de\/wp-content\/uploads\/Termine-2026-768x444.jpg 768w\" sizes=\"auto, (max-width: 800px) 100vw, 800px\" \/><\/div><a class=\"wp-block-latest-posts__post-title\" href=\"https:\/\/tsge-tennis.de\/?p=3481\">Termine 2026<\/a><time datetime=\"2026-03-15T08:42:24+01:00\" class=\"wp-block-latest-posts__post-date\">15. M\u00e4rz 2026<\/time><div class=\"wp-block-latest-posts__post-excerpt\">Liebe Tennisfreunde, nicht nur die Rahmentermine der Medenrunde stehen bereits fest, sondern euer Vorstandsteam hat&#8230;<\/div><\/li>\n<li><div class=\"wp-block-latest-posts__featured-image\"><img loading=\"lazy\" decoding=\"async\" width=\"1024\" height=\"721\" src=\"https:\/\/tsge-tennis.de\/wp-content\/uploads\/Tennishaende.jpg\" class=\"attachment-large size-large wp-post-image\" alt=\"\" style=\"\" srcset=\"https:\/\/tsge-tennis.de\/wp-content\/uploads\/Tennishaende.jpg 1024w, https:\/\/tsge-tennis.de\/wp-content\/uploads\/Tennishaende-300x211.jpg 300w, https:\/\/tsge-tennis.de\/wp-content\/uploads\/Tennishaende-768x541.jpg 768w\" sizes=\"auto, (max-width: 1024px) 100vw, 1024px\" \/><\/div><a class=\"wp-block-latest-posts__post-title\" href=\"https:\/\/tsge-tennis.de\/?p=3564\">Einladung zur Abteilungsversammlung<\/a><time datetime=\"2026-03-14T17:47:56+01:00\" class=\"wp-block-latest-posts__post-date\">14. M\u00e4rz 2026<\/time><div class=\"wp-block-latest-posts__post-excerpt\">Liebe Tennisfreunde, wir laden euch herzlich zur Abteilungsversammlung Tennis am 24.03.2026 um 19:00 Uhr in&#8230;<\/div><\/li>\n<li><div class=\"wp-block-latest-posts__featured-image\"><img loading=\"lazy\" decoding=\"async\" width=\"1024\" height=\"640\" src=\"https:\/\/tsge-tennis.de\/wp-content\/uploads\/Mixed-Turnier-Halle-2026-heute.jpg\" class=\"attachment-large size-large wp-post-image\" alt=\"\" style=\"\" srcset=\"https:\/\/tsge-tennis.de\/wp-content\/uploads\/Mixed-Turnier-Halle-2026-heute.jpg 1024w, https:\/\/tsge-tennis.de\/wp-content\/uploads\/Mixed-Turnier-Halle-2026-heute-300x188.jpg 300w, https:\/\/tsge-tennis.de\/wp-content\/uploads\/Mixed-Turnier-Halle-2026-heute-768x480.jpg 768w\" sizes=\"auto, (max-width: 1024px) 100vw, 1024px\" \/><\/div><a class=\"wp-block-latest-posts__post-title\" href=\"https:\/\/tsge-tennis.de\/?p=3547\">Mixed Hallenturnier am 14.03.<\/a><time datetime=\"2026-03-14T08:00:27+01:00\" class=\"wp-block-latest-posts__post-date\">14. M\u00e4rz 2026<\/time><div class=\"wp-block-latest-posts__post-excerpt\">Liebe Tennisfreunde, auf vielfachen Wunsch findet in diesem Jahr wieder ein Mixed Hallenturnier statt.Wir laden&#8230;<\/div><\/li>\n<\/ul><\/div><\/div>\n\n<\/div><\/div>","protected":false},"excerpt":{"rendered":"<p>Willkommen bei der Tennisabteilung der TSG Erlensee Aktuelles<\/p>\n","protected":false},"author":1,"featured_media":0,"parent":0,"menu_order":0,"comment_status":"closed","ping_status":"closed","template":"","meta":{"ngg_post_thumbnail":0,"_kadence_starter_templates_imported_post":true,"_kad_post_transparent":"","_kad_post_title":"","_kad_post_layout":"","_kad_post_sidebar_id":"","_kad_post_content_style":"","_kad_post_vertical_padding":"","_kad_post_feature":"","_kad_post_feature_position":"","_kad_post_header":false,"_kad_post_footer":false,"_kad_post_classname":"","footnotes":""},"class_list":["post-6","page","type-page","status-publish","hentry"],"_links":{"self":[{"href":"https:\/\/tsge-tennis.de\/index.php?rest_route=\/wp\/v2\/pages\/6","targetHints":{"allow":["GET"]}}],"collection":[{"href":"https:\/\/tsge-tennis.de\/index.php?rest_route=\/wp\/v2\/pages"}],"about":[{"href":"https:\/\/tsge-tennis.de\/index.php?rest_route=\/wp\/v2\/types\/page"}],"author":[{"embeddable":true,"href":"https:\/\/tsge-tennis.de\/index.php?rest_route=\/wp\/v2\/users\/1"}],"replies":[{"embeddable":true,"href":"https:\/\/tsge-tennis.de\/index.php?rest_route=%2Fwp%2Fv2%2Fcomments&post=6"}],"version-history":[{"count":45,"href":"https:\/\/tsge-tennis.de\/index.php?rest_route=\/wp\/v2\/pages\/6\/revisions"}],"predecessor-version":[{"id":3466,"href":"https:\/\/tsge-tennis.de\/index.php?rest_route=\/wp\/v2\/pages\/6\/revisions\/3466"}],"wp:attachment":[{"href":"https:\/\/tsge-tennis.de\/index.php?rest_route=%2Fwp%2Fv2%2Fmedia&parent=6"}],"curies":[{"name":"wp","href":"https:\/\/api.w.org\/{rel}","templated":true}]}}